{"id":75,"date":"2021-02-03T18:38:40","date_gmt":"2021-02-03T16:38:40","guid":{"rendered":"http:\/\/www.burkolokboltja.hu\/?page_id=75"},"modified":"2021-02-03T19:30:58","modified_gmt":"2021-02-03T17:30:58","slug":"termekeink","status":"publish","type":"page","link":"http:\/\/www.burkolokboltja.hu\/index.php\/termekeink\/","title":{"rendered":"Term\u00e9keink"},"content":{"rendered":"\n<p>Rakt\u00e1rk\u00e9szletr\u0151l azonnal v\u00e1s\u00e1rolhat\u00f3k PVC, aluminium \u00e9s sav\u00e1ll\u00f3 \u00e9lv\u00e9d\u0151k n\u00e9gy gy\u00e1rt\u00f3 k\u00edn\u00e1lat\u00e1b\u00f3l. \u00dczlet\u00fcnkben burkolatv\u00e1lt\u00f3k, szintk\u00fcl\u00f6nbs\u00e9g-, dilat\u00e1ci\u00f3s-, l\u00e9pcs\u0151 profilok sz\u00e9les sz\u00edn-, \u00e9s m\u00e9retv\u00e1laszt\u00e9ka megtal\u00e1lhat\u00f3. Szersz\u00e1mk\u00e9szlet\u00fcnk z\u00f6me a n\u00e9met Kaufmann gy\u00e1r term\u00e9keib\u0151l tev\u0151dik \u00f6ssze, de k\u00edn\u00e1latunkat folyamatosan b\u0151v\u00edtj\u00fck m\u00e1s besz\u00e1ll\u00edt\u00f3k term\u00e9keivel. Greslap-, csempe-, k\u0151v\u00e1g\u00f3 t\u00e1rcs\u00e1kb\u00f3l, gy\u00e9m\u00e1nt lyukf\u00far\u00f3kb\u00f3l a Diatech erre szakosodott term\u00e9keit forgalmazzuk. Speci\u00e1lis k\u00e9sekb\u0151l a jap\u00e1n Olfa, t\u00f6m\u00edt\u0151anyagokb\u00f3l, szilikonokb\u00f3l a magyar Mester term\u00e9kek sz\u00e9les v\u00e1laszt\u00e9k\u00e1val v\u00e1rjuk \u00fczlet\u00fcnkben.<br>Kezdetben f\u0151k\u00e9nt a n\u00e9met Botament gy\u00e1r term\u00e9keivel, szersz\u00e1mokkal, \u00e9lv\u00e9d\u0151kkel \u00e9s szilikonokkal foglalkoztunk. Term\u00e9kpalett\u00e1nk az \u00e9vek sor\u00e1n \u2013 v\u00e1s\u00e1rl\u00f3ink megn\u00f6vekedett ig\u00e9nyeivel egyenes ar\u00e1nyban \u2013 egyre b\u0151v\u00fclt. A sv\u00e1jci tulajdon\u00fa Sch\u00f6nox profi hidegburkol\u00e1si rendszer\u00e9vel valamint az olasz Mapei gy\u00e1r term\u00e9keivel sz\u00e9les\u00edtett\u00fck a k\u00edn\u00e1latunkat. A piacon jelen l\u00e9v\u0151 nevesebb gy\u00e1rt\u00f3k z\u00f6m\u00e9vel szerz\u0151d\u00e9sben \u00e1llunk, rendel\u00e9sre b\u00e1rmilyen ig\u00e9nyt kiel\u00e9g\u00edt\u00fcnk.<\/p>\n","protected":false},"excerpt":{"rendered":"<p>Rakt\u00e1rk\u00e9szletr\u0151l azonnal v\u00e1s\u00e1rolhat\u00f3k PVC, aluminium \u00e9s sav\u00e1ll\u00f3 \u00e9lv\u00e9d\u0151k n\u00e9gy gy\u00e1rt\u00f3 k\u00edn\u00e1lat\u00e1b\u00f3l. \u00dczlet\u00fcnkben burkolatv\u00e1lt\u00f3k, szintk\u00fcl\u00f6nbs\u00e9g-, dilat\u00e1ci\u00f3s-, l\u00e9pcs\u0151 profilok sz\u00e9les sz\u00edn-, \u00e9s m\u00e9retv\u00e1laszt\u00e9ka megtal\u00e1lhat\u00f3. Szersz\u00e1mk\u00e9szlet\u00fcnk z\u00f6me a n\u00e9met Kaufmann gy\u00e1r term\u00e9keib\u0151l tev\u0151dik \u00f6ssze, de k\u00edn\u00e1latunkat folyamatosan b\u0151v\u00edtj\u00fck m\u00e1s besz\u00e1ll\u00edt\u00f3k term\u00e9keivel. Greslap-, csempe-, k\u0151v\u00e1g\u00f3 t\u00e1rcs\u00e1kb\u00f3l, gy\u00e9m\u00e1nt lyukf\u00far\u00f3kb\u00f3l a Diatech erre szakosodott term\u00e9keit forgalmazzuk. Speci\u00e1lis k\u00e9sekb\u0151l a jap\u00e1n Olfa, &hellip; <\/p>\n<p class=\"link-more\"><a href=\"http:\/\/www.burkolokboltja.hu\/index.php\/termekeink\/\" class=\"more-link\"><span class=\"screen-reader-text\">&#8222;Term\u00e9keink&#8221;<\/span> b\u0151vebben<\/a><\/p>\n","protected":false},"author":1,"featured_media":50,"parent":0,"menu_order":0,"comment_status":"closed","ping_status":"closed","template":"","meta":{"footnotes":""},"class_list":["post-75","page","type-page","status-publish","has-post-thumbnail","hentry"],"aioseo_notices":[],"_links":{"self":[{"href":"http:\/\/www.burkolokboltja.hu\/index.php\/wp-json\/wp\/v2\/pages\/75","targetHints":{"allow":["GET"]}}],"collection":[{"href":"http:\/\/www.burkolokboltja.hu\/index.php\/wp-json\/wp\/v2\/pages"}],"about":[{"href":"http:\/\/www.burkolokboltja.hu\/index.php\/wp-json\/wp\/v2\/types\/page"}],"author":[{"embeddable":true,"href":"http:\/\/www.burkolokboltja.hu\/index.php\/wp-json\/wp\/v2\/users\/1"}],"replies":[{"embeddable":true,"href":"http:\/\/www.burkolokboltja.hu\/index.php\/wp-json\/wp\/v2\/comments?post=75"}],"version-history":[{"count":3,"href":"http:\/\/www.burkolokboltja.hu\/index.php\/wp-json\/wp\/v2\/pages\/75\/revisions"}],"predecessor-version":[{"id":95,"href":"http:\/\/www.burkolokboltja.hu\/index.php\/wp-json\/wp\/v2\/pages\/75\/revisions\/95"}],"wp:featuredmedia":[{"embeddable":true,"href":"http:\/\/www.burkolokboltja.hu\/index.php\/wp-json\/wp\/v2\/media\/50"}],"wp:attachment":[{"href":"http:\/\/www.burkolokboltja.hu\/index.php\/wp-json\/wp\/v2\/media?parent=75"}],"curies":[{"name":"wp","href":"https:\/\/api.w.org\/{rel}","templated":true}]}}